{"id":261,"date":"2022-12-21T10:14:44","date_gmt":"2022-12-21T13:14:44","guid":{"rendered":"https:\/\/rpps.estrelavelha.rs.gov.br\/portal\/?page_id=261"},"modified":"2022-12-21T10:14:44","modified_gmt":"2022-12-21T13:14:44","slug":"atas","status":"publish","type":"page","link":"https:\/\/rpps.estrelavelha.rs.gov.br\/portal\/atas\/","title":{"rendered":"Atas"},"content":{"rendered":"<div class=\"sdm_download_item \"><div class=\"sdm_download_item_top\"><div class=\"sdm_download_thumbnail\"><\/div><div class=\"sdm_download_title\">Ata Elei\u00e7\u00e3o e Pol\u00edtica Investimentos 2025<\/div><\/div><div style=\"clear:both;\"><\/div><div class=\"sdm_download_description\"><\/div><div class=\"sdm_download_link\"><span class=\"sdm_download_button\"><a href=\"https:\/\/rpps.estrelavelha.rs.gov.br\/portal\/?smd_process_download=1&download_id=641\" class=\"sdm_download green\" title=\"Ata Elei\u00e7\u00e3o e Pol\u00edtica Investimentos 2025\" target=\"_self\">Baixar agora!<\/a><\/span><span class=\"sdm_download_item_count\"><span class=\"sdm_item_count_number\">237<\/span><span class=\"sdm_item_count_string\"> Downloads<\/span><\/span><\/div><\/div><div class=\"sdm_download_item \"><div class=\"sdm_download_item_top\"><div class=\"sdm_download_thumbnail\"><\/div><div class=\"sdm_download_title\">Ata 004.2022 &#8211; CMP<\/div><\/div><div style=\"clear:both;\"><\/div><div class=\"sdm_download_description\"><\/div><div class=\"sdm_download_link\"><span class=\"sdm_download_button\"><a href=\"https:\/\/rpps.estrelavelha.rs.gov.br\/portal\/?smd_process_download=1&download_id=504\" class=\"sdm_download green\" title=\"Ata 004.2022 &#8211; CMP\" target=\"_self\">Baixar agora!<\/a><\/span><span class=\"sdm_download_item_count\"><span class=\"sdm_item_count_number\">255<\/span><span class=\"sdm_item_count_string\"> Downloads<\/span><\/span><\/div><\/div><div class=\"sdm_download_item \"><div class=\"sdm_download_item_top\"><div class=\"sdm_download_thumbnail\"><\/div><div class=\"sdm_download_title\">Ata 001.2022 &#8211; Comit\u00ea de Investimentos<\/div><\/div><div style=\"clear:both;\"><\/div><div class=\"sdm_download_description\"><\/div><div class=\"sdm_download_link\"><span class=\"sdm_download_button\"><a href=\"https:\/\/rpps.estrelavelha.rs.gov.br\/portal\/?smd_process_download=1&download_id=502\" class=\"sdm_download green\" title=\"Ata 001.2022 &#8211; Comit\u00ea de Investimentos\" target=\"_self\">Baixar agora!<\/a><\/span><span class=\"sdm_download_item_count\"><span class=\"sdm_item_count_number\">240<\/span><span class=\"sdm_item_count_string\"> Downloads<\/span><\/span><\/div><\/div><div class=\"sdm_download_item \"><div class=\"sdm_download_item_top\"><div class=\"sdm_download_thumbnail\"><\/div><div class=\"sdm_download_title\">Ata 003.2022 &#8211; CMP<\/div><\/div><div style=\"clear:both;\"><\/div><div class=\"sdm_download_description\"><\/div><div class=\"sdm_download_link\"><span class=\"sdm_download_button\"><a href=\"https:\/\/rpps.estrelavelha.rs.gov.br\/portal\/?smd_process_download=1&download_id=500\" class=\"sdm_download green\" title=\"Ata 003.2022 &#8211; CMP\" target=\"_self\">Baixar agora!<\/a><\/span><span class=\"sdm_download_item_count\"><span class=\"sdm_item_count_number\">255<\/span><span class=\"sdm_item_count_string\"> Downloads<\/span><\/span><\/div><\/div><div class=\"sdm_download_item \"><div class=\"sdm_download_item_top\"><div class=\"sdm_download_thumbnail\"><\/div><div class=\"sdm_download_title\">Ata 002.2022 &#8211; CMP<\/div><\/div><div style=\"clear:both;\"><\/div><div class=\"sdm_download_description\"><\/div><div class=\"sdm_download_link\"><span class=\"sdm_download_button\"><a href=\"https:\/\/rpps.estrelavelha.rs.gov.br\/portal\/?smd_process_download=1&download_id=498\" class=\"sdm_download green\" title=\"Ata 002.2022 &#8211; CMP\" target=\"_self\">Baixar agora!<\/a><\/span><span class=\"sdm_download_item_count\"><span class=\"sdm_item_count_number\">226<\/span><span class=\"sdm_item_count_string\"> Downloads<\/span><\/span><\/div><\/div><div class=\"sdm_download_item \"><div class=\"sdm_download_item_top\"><div class=\"sdm_download_thumbnail\"><\/div><div class=\"sdm_download_title\">Ata 001.2022 &#8211; CMP<\/div><\/div><div style=\"clear:both;\"><\/div><div class=\"sdm_download_description\"><\/div><div class=\"sdm_download_link\"><span class=\"sdm_download_button\"><a href=\"https:\/\/rpps.estrelavelha.rs.gov.br\/portal\/?smd_process_download=1&download_id=493\" class=\"sdm_download green\" title=\"Ata 001.2022 &#8211; CMP\" target=\"_self\">Baixar agora!<\/a><\/span><span class=\"sdm_download_item_count\"><span class=\"sdm_item_count_number\">241<\/span><span class=\"sdm_item_count_string\"> Downloads<\/span><\/span><\/div><\/div><div class=\"sdm_clear_float\"><\/div><div class=\"sdm_pagination\"><\/div>\n","protected":false},"excerpt":{"rendered":"","protected":false},"author":2,"featured_media":0,"parent":0,"menu_order":0,"comment_status":"closed","ping_status":"closed","template":"","meta":{"footnotes":""},"class_list":["post-261","page","type-page","status-publish","hentry"],"_links":{"self":[{"href":"https:\/\/rpps.estrelavelha.rs.gov.br\/portal\/wp-json\/wp\/v2\/pages\/261","targetHints":{"allow":["GET"]}}],"collection":[{"href":"https:\/\/rpps.estrelavelha.rs.gov.br\/portal\/wp-json\/wp\/v2\/pages"}],"about":[{"href":"https:\/\/rpps.estrelavelha.rs.gov.br\/portal\/wp-json\/wp\/v2\/types\/page"}],"author":[{"embeddable":true,"href":"https:\/\/rpps.estrelavelha.rs.gov.br\/portal\/wp-json\/wp\/v2\/users\/2"}],"replies":[{"embeddable":true,"href":"https:\/\/rpps.estrelavelha.rs.gov.br\/portal\/wp-json\/wp\/v2\/comments?post=261"}],"version-history":[{"count":1,"href":"https:\/\/rpps.estrelavelha.rs.gov.br\/portal\/wp-json\/wp\/v2\/pages\/261\/revisions"}],"predecessor-version":[{"id":262,"href":"https:\/\/rpps.estrelavelha.rs.gov.br\/portal\/wp-json\/wp\/v2\/pages\/261\/revisions\/262"}],"wp:attachment":[{"href":"https:\/\/rpps.estrelavelha.rs.gov.br\/portal\/wp-json\/wp\/v2\/media?parent=261"}],"curies":[{"name":"wp","href":"https:\/\/api.w.org\/{rel}","templated":true}]}}